{"id":165,"date":"2023-02-14T09:13:19","date_gmt":"2023-02-14T09:13:19","guid":{"rendered":"https:\/\/mevea.team99.it\/?page_id=165"},"modified":"2023-03-16T13:42:40","modified_gmt":"2023-03-16T13:42:40","slug":"chi-siamo","status":"publish","type":"page","link":"https:\/\/meveaagri.ro\/it\/chi-siamo\/","title":{"rendered":"Chi siamo"},"content":{"rendered":"\n<div class=\"wp-block-group is-layout-flow\">\n<div class=\"wp-block-cover is-light\" style=\"min-height:100vh\"><span aria-hidden=\"true\" class=\"wp-block-cover__background has-background-dim\"><\/span><img decoding=\"async\" loading=\"lazy\" width=\"2000\" height=\"1333\" class=\"wp-block-cover__image-background wp-image-440\" alt=\"\" src=\"https:\/\/meveaagri.ro\/wp-content\/uploads\/2023\/02\/mevea-agri-grano-mani-shutter.jpg\" data-object-fit=\"cover\" srcset=\"https:\/\/meveaagri.ro\/wp-content\/uploads\/2023\/02\/mevea-agri-grano-mani-shutter.jpg 2000w, https:\/\/meveaagri.ro\/wp-content\/uploads\/2023\/02\/mevea-agri-grano-mani-shutter-300x200.jpg 300w, https:\/\/meveaagri.ro\/wp-content\/uploads\/2023\/02\/mevea-agri-grano-mani-shutter-1024x682.jpg 1024w, https:\/\/meveaagri.ro\/wp-content\/uploads\/2023\/02\/mevea-agri-grano-mani-shutter-768x512.jpg 768w, https:\/\/meveaagri.ro\/wp-content\/uploads\/2023\/02\/mevea-agri-grano-mani-shutter-1536x1024.jpg 1536w\" sizes=\"(max-width: 2000px) 100vw, 2000px\" \/><div class=\"wp-block-cover__inner-container\">\n<p class=\"has-text-align-center has-mv-bianco-color has-text-color has-titolo-big-font-size\">Chi siamo<\/p>\n<\/div><\/div>\n<\/div>\n\n\n\n<div class=\"wp-block-group is-layout-flow\" style=\"padding-top:120px;padding-bottom:120px\">\n<div class=\"wp-block-columns is-layout-flex wp-container-5\">\n<div class=\"wp-block-column is-layout-flow\"><\/div>\n\n\n\n<div class=\"wp-block-column is-layout-flow\">\n<p class=\"has-text-align-center has-paragrafo-big-font-size\"><mark style=\"background-color:rgba(0, 0, 0, 0)\" class=\"has-inline-color has-mv-nero-color\">Mevea Agri \u00e8 un&#8217;azienda che si concentra sulla sostenibilit\u00e0 e responsabilit\u00e0 nell&#8217;agricoltura. <br>La visione di Mevea Agri \u00e8 quella di fornire agli agricoltori i mezzi tecnici per coltivare la terra in modo sostenibile, efficace e produttivo, in risposta alle nuove sfide globali e al cambiamento climatico.<\/mark><\/p>\n\n\n\n<div style=\"height:60px\" aria-hidden=\"true\" class=\"wp-block-spacer\"><\/div>\n\n\n\n<p class=\"has-text-align-center has-paragrafo-big-font-size\">L\u2019agricoltura, punto di partenza delle diverse filiere agroindustriali e i nuovi modelli alimentari dovranno sempre pi\u00f9 rispondere alle nuove esigenze del consumatore creando un ampio assortimento di prodotti agroalimentari. <br>Il terreno produce il 95% del cibo che mangiamo e fornisce quasi tutti i servizi e le funzioni ecosistemiche che consentono l&#8217;esistenza della vita sulla Terra<a id=\"_ftnref1\" href=\"#_ftn1\">[1]<\/a>. <br>Alla luce dei nuovi scenari mondiali (pandemia, conflitti, cambiamento climatico, aumento demografico) la produzione di derrate alimentari (food safety) e l\u2019accesso al cibo (food security) saranno due aspetti fondamentali e strategici da considerare.<br> In questo scenario i mezzi tecnici agricoli (input della produzione) sono il punto di partenza per garantire produzioni soddisfacenti e salubri.<\/p>\n\n\n\n<div style=\"height:25px\" aria-hidden=\"true\" class=\"wp-block-spacer\"><\/div>\n\n\n\n<hr class=\"wp-block-separator has-alpha-channel-opacity\"\/>\n\n\n\n<div style=\"height:25px\" aria-hidden=\"true\" class=\"wp-block-spacer\"><\/div>\n\n\n\n<p><br><br><a id=\"_ftn1\" href=\"#_ftnref1\">[1]<\/a> Soils, Where Food Begins, world soil day\u20145, December 2022 in&nbsp; <a href=\"https:\/\/www.un.org\/en\/un-chronicle\/soils-where-food-begins\" target=\"_blank\" rel=\"noreferrer noopener\">https:\/\/www.un.org\/en\/un-chronicle\/soils-where-food-begins<\/a><\/p>\n<\/div>\n\n\n\n<div class=\"wp-block-column is-layout-flow\"><\/div>\n<\/div>\n<\/div>\n","protected":false},"excerpt":{"rendered":"<p>Mevea Agri \u00e8 un&#8217;azienda che si concentra sulla sostenibilit\u00e0 e responsabilit\u00e0 nell&#8217;agricoltura. La visione di Mevea Agri \u00e8 quella di fornire agli agricoltori i mezzi tecnici per coltivare la terra in modo sostenibile, efficace e produttivo, in risposta alle nuove sfide globali e al cambiamento climatico. L\u2019agricoltura, punto di partenza delle diverse filiere agroindustriali e [&hellip;]<\/p>\n","protected":false},"author":3,"featured_media":0,"parent":0,"menu_order":0,"comment_status":"closed","ping_status":"closed","template":"","meta":[],"acf":[],"yoast_head":"<!-- This site is optimized with the Yoast SEO plugin v20.3 - https:\/\/yoast.com\/wordpress\/plugins\/seo\/ -->\n<title>Chi siamo - Mevea Agri<\/title>\n<meta name=\"robots\" content=\"index, follow, max-snippet:-1, max-image-preview:large, max-video-preview:-1\" \/>\n<link rel=\"canonical\" href=\"https:\/\/meveaagri.ro\/chi-siamo\/\" \/>\n<meta property=\"og:locale\" content=\"it_IT\" \/>\n<meta property=\"og:type\" content=\"article\" \/>\n<meta property=\"og:title\" content=\"Chi siamo - Mevea Agri\" \/>\n<meta property=\"og:description\" content=\"Mevea Agri \u00e8 un&#8217;azienda che si concentra sulla sostenibilit\u00e0 e responsabilit\u00e0 nell&#8217;agricoltura. La visione di Mevea Agri \u00e8 quella di fornire agli agricoltori i mezzi tecnici per coltivare la terra in modo sostenibile, efficace e produttivo, in risposta alle nuove sfide globali e al cambiamento climatico. L\u2019agricoltura, punto di partenza delle diverse filiere agroindustriali e [&hellip;]\" \/>\n<meta property=\"og:url\" content=\"https:\/\/meveaagri.ro\/chi-siamo\/\" \/>\n<meta property=\"og:site_name\" content=\"Mevea Agri\" \/>\n<meta property=\"article:modified_time\" content=\"2023-03-16T13:42:40+00:00\" \/>\n<meta property=\"og:image\" content=\"https:\/\/meveaagri.ro\/wp-content\/uploads\/2023\/02\/mevea-agri-grano-mani-shutter.jpg\" \/>\n<meta name=\"twitter:card\" content=\"summary_large_image\" \/>\n<meta name=\"twitter:label1\" content=\"Tempo di lettura stimato\" \/>\n\t<meta name=\"twitter:data1\" content=\"2 minuti\" \/>\n<script type=\"application\/ld+json\" class=\"yoast-schema-graph\">{\"@context\":\"https:\/\/schema.org\",\"@graph\":[{\"@type\":\"WebPage\",\"@id\":\"https:\/\/meveaagri.ro\/chi-siamo\/\",\"url\":\"https:\/\/meveaagri.ro\/chi-siamo\/\",\"name\":\"Chi siamo - Mevea Agri\",\"isPartOf\":{\"@id\":\"https:\/\/meveaagri.ro\/#website\"},\"datePublished\":\"2023-02-14T09:13:19+00:00\",\"dateModified\":\"2023-03-16T13:42:40+00:00\",\"breadcrumb\":{\"@id\":\"https:\/\/meveaagri.ro\/chi-siamo\/#breadcrumb\"},\"inLanguage\":\"it-IT\",\"potentialAction\":[{\"@type\":\"ReadAction\",\"target\":[\"https:\/\/meveaagri.ro\/chi-siamo\/\"]}]},{\"@type\":\"BreadcrumbList\",\"@id\":\"https:\/\/meveaagri.ro\/chi-siamo\/#breadcrumb\",\"itemListElement\":[{\"@type\":\"ListItem\",\"position\":1,\"name\":\"Home\",\"item\":\"https:\/\/meveaagri.ro\/it\/\"},{\"@type\":\"ListItem\",\"position\":2,\"name\":\"Chi siamo\"}]},{\"@type\":\"WebSite\",\"@id\":\"https:\/\/meveaagri.ro\/#website\",\"url\":\"https:\/\/meveaagri.ro\/\",\"name\":\"Mevea Agri\",\"description\":\"Agricoltura per lo sviluppo sostenibile\",\"publisher\":{\"@id\":\"https:\/\/meveaagri.ro\/#organization\"},\"potentialAction\":[{\"@type\":\"SearchAction\",\"target\":{\"@type\":\"EntryPoint\",\"urlTemplate\":\"https:\/\/meveaagri.ro\/?s={search_term_string}\"},\"query-input\":\"required name=search_term_string\"}],\"inLanguage\":\"it-IT\"},{\"@type\":\"Organization\",\"@id\":\"https:\/\/meveaagri.ro\/#organization\",\"name\":\"Mevea Agri\",\"url\":\"https:\/\/meveaagri.ro\/\",\"logo\":{\"@type\":\"ImageObject\",\"inLanguage\":\"it-IT\",\"@id\":\"https:\/\/meveaagri.ro\/#\/schema\/logo\/image\/\",\"url\":\"https:\/\/meveaagri.ro\/wp-content\/uploads\/2023\/03\/mevea_logo_bianco.svg\",\"contentUrl\":\"https:\/\/meveaagri.ro\/wp-content\/uploads\/2023\/03\/mevea_logo_bianco.svg\",\"caption\":\"Mevea Agri\"},\"image\":{\"@id\":\"https:\/\/meveaagri.ro\/#\/schema\/logo\/image\/\"}}]}<\/script>\n<!-- \/ Yoast SEO plugin. -->","yoast_head_json":{"title":"Chi siamo - Mevea Agri","robots":{"index":"index","follow":"follow","max-snippet":"max-snippet:-1","max-image-preview":"max-image-preview:large","max-video-preview":"max-video-preview:-1"},"canonical":"https:\/\/meveaagri.ro\/chi-siamo\/","og_locale":"it_IT","og_type":"article","og_title":"Chi siamo - Mevea Agri","og_description":"Mevea Agri \u00e8 un&#8217;azienda che si concentra sulla sostenibilit\u00e0 e responsabilit\u00e0 nell&#8217;agricoltura. La visione di Mevea Agri \u00e8 quella di fornire agli agricoltori i mezzi tecnici per coltivare la terra in modo sostenibile, efficace e produttivo, in risposta alle nuove sfide globali e al cambiamento climatico. L\u2019agricoltura, punto di partenza delle diverse filiere agroindustriali e [&hellip;]","og_url":"https:\/\/meveaagri.ro\/chi-siamo\/","og_site_name":"Mevea Agri","article_modified_time":"2023-03-16T13:42:40+00:00","og_image":[{"url":"https:\/\/meveaagri.ro\/wp-content\/uploads\/2023\/02\/mevea-agri-grano-mani-shutter.jpg"}],"twitter_card":"summary_large_image","twitter_misc":{"Tempo di lettura stimato":"2 minuti"},"schema":{"@context":"https:\/\/schema.org","@graph":[{"@type":"WebPage","@id":"https:\/\/meveaagri.ro\/chi-siamo\/","url":"https:\/\/meveaagri.ro\/chi-siamo\/","name":"Chi siamo - Mevea Agri","isPartOf":{"@id":"https:\/\/meveaagri.ro\/#website"},"datePublished":"2023-02-14T09:13:19+00:00","dateModified":"2023-03-16T13:42:40+00:00","breadcrumb":{"@id":"https:\/\/meveaagri.ro\/chi-siamo\/#breadcrumb"},"inLanguage":"it-IT","potentialAction":[{"@type":"ReadAction","target":["https:\/\/meveaagri.ro\/chi-siamo\/"]}]},{"@type":"BreadcrumbList","@id":"https:\/\/meveaagri.ro\/chi-siamo\/#breadcrumb","itemListElement":[{"@type":"ListItem","position":1,"name":"Home","item":"https:\/\/meveaagri.ro\/it\/"},{"@type":"ListItem","position":2,"name":"Chi siamo"}]},{"@type":"WebSite","@id":"https:\/\/meveaagri.ro\/#website","url":"https:\/\/meveaagri.ro\/","name":"Mevea Agri","description":"Agricoltura per lo sviluppo sostenibile","publisher":{"@id":"https:\/\/meveaagri.ro\/#organization"},"potentialAction":[{"@type":"SearchAction","target":{"@type":"EntryPoint","urlTemplate":"https:\/\/meveaagri.ro\/?s={search_term_string}"},"query-input":"required name=search_term_string"}],"inLanguage":"it-IT"},{"@type":"Organization","@id":"https:\/\/meveaagri.ro\/#organization","name":"Mevea Agri","url":"https:\/\/meveaagri.ro\/","logo":{"@type":"ImageObject","inLanguage":"it-IT","@id":"https:\/\/meveaagri.ro\/#\/schema\/logo\/image\/","url":"https:\/\/meveaagri.ro\/wp-content\/uploads\/2023\/03\/mevea_logo_bianco.svg","contentUrl":"https:\/\/meveaagri.ro\/wp-content\/uploads\/2023\/03\/mevea_logo_bianco.svg","caption":"Mevea Agri"},"image":{"@id":"https:\/\/meveaagri.ro\/#\/schema\/logo\/image\/"}}]}},"_links":{"self":[{"href":"https:\/\/meveaagri.ro\/it\/wp-json\/wp\/v2\/pages\/165"}],"collection":[{"href":"https:\/\/meveaagri.ro\/it\/wp-json\/wp\/v2\/pages"}],"about":[{"href":"https:\/\/meveaagri.ro\/it\/wp-json\/wp\/v2\/types\/page"}],"author":[{"embeddable":true,"href":"https:\/\/meveaagri.ro\/it\/wp-json\/wp\/v2\/users\/3"}],"replies":[{"embeddable":true,"href":"https:\/\/meveaagri.ro\/it\/wp-json\/wp\/v2\/comments?post=165"}],"version-history":[{"count":58,"href":"https:\/\/meveaagri.ro\/it\/wp-json\/wp\/v2\/pages\/165\/revisions"}],"predecessor-version":[{"id":1230,"href":"https:\/\/meveaagri.ro\/it\/wp-json\/wp\/v2\/pages\/165\/revisions\/1230"}],"wp:attachment":[{"href":"https:\/\/meveaagri.ro\/it\/wp-json\/wp\/v2\/media?parent=165"}],"curies":[{"name":"wp","href":"https:\/\/api.w.org\/{rel}","templated":true}]}}