{"id":995,"date":"2023-03-14T13:33:57","date_gmt":"2023-03-14T13:33:57","guid":{"rendered":"https:\/\/mevea.team99.it\/?page_id=995"},"modified":"2023-03-14T13:45:45","modified_gmt":"2023-03-14T13:45:45","slug":"cookie-policy","status":"publish","type":"page","link":"https:\/\/meveaagri.ro\/it\/cookie-policy\/","title":{"rendered":"Cookie Policy"},"content":{"rendered":"\n<div class=\"wp-block-group has-mv-bianco-color has-mv-verde-background-color has-text-color has-background has-global-padding is-content-justification-center is-layout-constrained\" style=\"padding-top:160px;padding-bottom:120px\">\n<h2 class=\"has-text-align-center has-titolo-big-font-size wp-block-heading\">Cookie Policy<\/h2>\n<\/div>\n\n\n\n<div class=\"wp-block-group has-global-padding is-layout-constrained\">\n<div class=\"wp-block-columns is-layout-flex wp-container-5\">\n<div class=\"wp-block-column is-layout-flow\" style=\"flex-basis:15%\"><\/div>\n\n\n\n<div class=\"wp-block-column is-layout-flow\" style=\"flex-basis:70%\">\n<div style=\"height:100px\" aria-hidden=\"true\" class=\"wp-block-spacer\"><\/div>\n\n\n\n<p><strong>Cosa sono i cookie?<\/strong><br>I cookie sono file che i siti visitati dagli utenti inviano ai loro terminali, ove vengono memorizzati per essere poi ritrasmessi agli stessi siti alla visita successiva. I cookie delle c.d. \u201cterze parti\u201d vengono, invece, impostati da un sito web diverso da quello che l\u2019utente sta visitando. Questo perch\u00e9 su ogni sito possono essere presenti elementi (immagini, mappe, servizi, suoni, specifici link a pagine web di altri domini, ecc.) che risiedono su server diversi da quello del sito visitato.<br><br><strong>A cosa servono i cookie?<\/strong><br>I cookie sono usati per varie finalit\u00e0: esecuzione di autenticazioni informatiche, monitoraggio di sessioni, memorizzazione di informazioni su specifiche configurazioni riguardanti gli utenti che accedono al server, memorizzazione delle preferenze, ecc.<br><br><strong>Trattamenti e funzioni<\/strong><br>Il sito <span style=\"text-decoration: underline;\"><a href=\"http:\/\/meveaagri.ro\/\">meveaagri.ro<\/a><\/span> utilizza i cookie per rendere i propri servizi semplici e efficienti per l\u2019utenza che visiona le pagine del sito.<br><br>Analizzandoli in maniera particolareggiata i nostri cookie permettono di:<\/p>\n\n\n\n<ul>\n<li>memorizzare le preferenze inserite;<\/li>\n<\/ul>\n\n\n\n<ul>\n<li>evitare di reinserire le stesse informazioni pi\u00f9 volte durante la visita quali ad esempio nome utente e password;<\/li>\n\n\n\n<li>analizzare l\u2019utilizzo dei servizi e dei contenuti forniti da <span style=\"text-decoration: underline;\"><a href=\"http:\/\/meveaagri.ro\/\">meveaagri.ro<\/a><\/span> per ottimizzarne l\u2019esperienza di navigazione e i servizi offerti.<\/li>\n<\/ul>\n\n\n\n<p><br><br><strong>Titolare del trattamento<\/strong><\/p>\n\n\n\n<p>S.C. MEVEA AGRI S.R.L.<br>Sediu legal:Str. Gazelei nr.34, Bucure\u0219ti, Romania<br>CUI RO46123230 \u2013 J40\/9061\/2022<br><\/p>\n\n\n\n<p>La maggior parte dei browser \u00e8 configurata per accettare, controllare o eventualmente disabilitare i cookie attraverso le impostazioni. Ti ricordiamo tuttavia che disabilitare i cookie di navigazione o quelli funzionali pu\u00f2 causare il funzionamento del sito e\/o limitare il servizio che offriamo. Per disabilitare i cookie bisogna andare nell\u2019help di quel browser.<\/p>\n\n\n\n<p><br><strong>Tipologie di Cookie (informazioni generiche)<\/strong><br><strong>Cookie tecnici<\/strong><br>Questa tipologia di cookie permette il corretto funzionamento di alcune sezioni del Sito. Sono di due categorie: persistenti e di sessione:<\/p>\n\n\n\n<ul>\n<li>persistenti: una volta chiuso il browser non vengono distrutti ma rimangono fino ad una data di scadenza preimpostata<\/li>\n\n\n\n<li>di sessione: vengono distrutti ogni volta che il browser viene chiuso<\/li>\n<\/ul>\n\n\n\n<p>Questi cookie, inviati sempre dal nostro dominio, sono necessari a visualizzare correttamente il sito e in relazione ai servizi tecnici offerti, verranno quindi sempre utilizzati e inviati, a meno che l\u2019utenza non modifichi le impostazioni nel proprio browser (inficiando cos\u00ec la visualizzazione delle pagine del sito).<\/p>\n\n\n\n<p><br><strong>Cookie analitici<\/strong><br>I cookie in questa categoria vengono utilizzati per collezionare informazioni sull\u2019uso del sito. <span style=\"text-decoration: underline;\"><a href=\"http:\/\/meveaagri.ro\/\">meveaagri.ro<\/a><\/span> user\u00e0 queste informazioni in merito ad analisi statistiche anonime al fine di migliorare l\u2019utilizzo del Sito e per rendere i contenuti pi\u00f9 interessanti e attinenti ai desideri dell\u2019utenza. Questa tipologia di cookie raccoglie dati in forma anonima sull\u2019attivit\u00e0 dell\u2019utenza e su come \u00e8 arrivata sul Sito. I cookie analitici sono inviati dal Sito Stesso o da domini di terze parti.<\/p>\n\n\n\n<p><br><strong>Cookie di analisi di servizi di terze parti<\/strong><br>Questi cookie sono utilizzati al fine di raccogliere informazioni sull\u2019uso del Sito da parte degli utenti in forma anonima quali: pagine visitate, tempo di permanenza, origini del traffico di provenienza, provenienza geografica, et\u00e0, genere e interessi ai fini di campagne di marketing. Questi cookie sono inviati da domini di terze parti esterni al Sito.<\/p>\n\n\n\n<p><br><strong>Cookie per integrare prodotti e funzioni di software di terze parti<\/strong><br>Questa tipologia di cookie integra funzionalit\u00e0 sviluppate da terzi all\u2019interno delle pagine del Sito come le icone e le preferenze espresse nei social network al fine di condivisione dei contenuti del sito o per l\u2019uso di servizi software di terze parti (come i software per generare le mappe e ulteriori software che offrono servizi aggiuntivi). Questi cookie sono inviati da domini di terze parti e da siti partner che offrono le loro funzionalit\u00e0 tra le pagine del Sito.<br><br><strong>Cookie di profilazione<\/strong><\/p>\n\n\n\n<p>Sono quei cookie necessari a creare profili utenti al fine di inviare messaggi pubblicitari in linea con le preferenze manifestate dall\u2019utente all\u2019interno delle pagine del Sito.<\/p>\n\n\n\n<p><br><strong>Consenso e diritti dell\u2019interessato<\/strong><br>Secondo la normativa vigente, non \u00e8 necessario chiedere consenso per i cookie tecnici e analitici anonimizzati, in quanto questi non trattano dati personali e le norme sulla Privacy non sono pertanto applicabili.<\/p>\n\n\n\n<p>Per tutte le altre tipologie di cookie, il consenso si intende espresso nel momento in cui si procede nella navigazione.<\/p>\n\n\n\n<p>Il diritto di revoca del consenso pu\u00f2 essere espresso con una o pi\u00f9 di una delle seguenti modalit\u00e0:<\/p>\n\n\n\n<ul>\n<li>Mediante specifiche configurazioni del browser utilizzato o dei relativi programmi informatici utilizzati per navigare le pagine che compongono il Sito.<\/li>\n\n\n\n<li>Cancellando definitivamente i cookies dal proprio dispositivo<\/li>\n\n\n\n<li>Mediante modifica delle impostazioni nell\u2019uso dei servizi di terze parti<\/li>\n<\/ul>\n\n\n\n<p>Tutte queste soluzioni potrebbero impedire all\u2019utente di utilizzare o visualizzare parti del Sito.<br><br><strong>Siti Web e servizi di terze parti<\/strong><\/p>\n\n\n\n<p>Il Sito potrebbe contenere collegamenti ad altri siti Web che trattano i dati come Titolari autonomi e dispongono di una propria informativa sulla privacy. <span style=\"text-decoration: underline;\"><a href=\"http:\/\/meveaagri.ro\/\">meveaagri.ro<\/a><\/span>&nbsp;non ha alcuna responsabilit\u00e0 per i trattamenti svolti da terze parti.<br><\/p>\n\n\n\n<p><br><strong><u>Elenco Cookies utilizzati<\/u><\/strong><br><br><\/p>\n\n\n\n<figure class=\"wp-block-table\"><table><tbody><tr><td><strong>Nome del Cookie<\/strong><\/td><td><strong>Tipo<\/strong><\/td><td><strong>Persistenza<\/strong><\/td><\/tr><tr><td>_gat<\/td><td>Analitico (terza parte)<\/td><td>permanente<\/td><\/tr><tr><td>_ga<\/td><td>Analitico (terza parte)<\/td><td>permanente<\/td><\/tr><\/tbody><\/table><\/figure>\n\n\n\n<div style=\"height:100px\" aria-hidden=\"true\" class=\"wp-block-spacer\"><\/div>\n<\/div>\n\n\n\n<div class=\"wp-block-column is-layout-flow\" style=\"flex-basis:15%\"><\/div>\n<\/div>\n<\/div>\n","protected":false},"excerpt":{"rendered":"<p>Cookie Policy Cosa sono i cookie?I cookie sono file che i siti visitati dagli utenti inviano ai loro terminali, ove vengono memorizzati per essere poi ritrasmessi agli stessi siti alla visita successiva. I cookie delle c.d. \u201cterze parti\u201d vengono, invece, impostati da un sito web diverso da quello che l\u2019utente sta visitando. Questo perch\u00e9 su [&hellip;]<\/p>\n","protected":false},"author":1,"featured_media":0,"parent":0,"menu_order":0,"comment_status":"closed","ping_status":"closed","template":"","meta":[],"acf":[],"yoast_head":"<!-- This site is optimized with the Yoast SEO plugin v20.3 - https:\/\/yoast.com\/wordpress\/plugins\/seo\/ -->\n<title>Cookie Policy - Mevea Agri<\/title>\n<meta name=\"robots\" content=\"index, follow, max-snippet:-1, max-image-preview:large, max-video-preview:-1\" \/>\n<link rel=\"canonical\" href=\"https:\/\/meveaagri.ro\/cookie-policy\/\" \/>\n<meta property=\"og:locale\" content=\"it_IT\" \/>\n<meta property=\"og:type\" content=\"article\" \/>\n<meta property=\"og:title\" content=\"Cookie Policy - Mevea Agri\" \/>\n<meta property=\"og:description\" content=\"Cookie Policy Cosa sono i cookie?I cookie sono file che i siti visitati dagli utenti inviano ai loro terminali, ove vengono memorizzati per essere poi ritrasmessi agli stessi siti alla visita successiva. I cookie delle c.d. \u201cterze parti\u201d vengono, invece, impostati da un sito web diverso da quello che l\u2019utente sta visitando. Questo perch\u00e9 su [&hellip;]\" \/>\n<meta property=\"og:url\" content=\"https:\/\/meveaagri.ro\/cookie-policy\/\" \/>\n<meta property=\"og:site_name\" content=\"Mevea Agri\" \/>\n<meta property=\"article:modified_time\" content=\"2023-03-14T13:45:45+00:00\" \/>\n<meta name=\"twitter:card\" content=\"summary_large_image\" \/>\n<meta name=\"twitter:label1\" content=\"Tempo di lettura stimato\" \/>\n\t<meta name=\"twitter:data1\" content=\"4 minuti\" \/>\n<script type=\"application\/ld+json\" class=\"yoast-schema-graph\">{\"@context\":\"https:\/\/schema.org\",\"@graph\":[{\"@type\":\"WebPage\",\"@id\":\"https:\/\/meveaagri.ro\/cookie-policy\/\",\"url\":\"https:\/\/meveaagri.ro\/cookie-policy\/\",\"name\":\"Cookie Policy - Mevea Agri\",\"isPartOf\":{\"@id\":\"https:\/\/meveaagri.ro\/#website\"},\"datePublished\":\"2023-03-14T13:33:57+00:00\",\"dateModified\":\"2023-03-14T13:45:45+00:00\",\"breadcrumb\":{\"@id\":\"https:\/\/meveaagri.ro\/cookie-policy\/#breadcrumb\"},\"inLanguage\":\"it-IT\",\"potentialAction\":[{\"@type\":\"ReadAction\",\"target\":[\"https:\/\/meveaagri.ro\/cookie-policy\/\"]}]},{\"@type\":\"BreadcrumbList\",\"@id\":\"https:\/\/meveaagri.ro\/cookie-policy\/#breadcrumb\",\"itemListElement\":[{\"@type\":\"ListItem\",\"position\":1,\"name\":\"Home\",\"item\":\"https:\/\/meveaagri.ro\/it\/\"},{\"@type\":\"ListItem\",\"position\":2,\"name\":\"Cookie Policy\"}]},{\"@type\":\"WebSite\",\"@id\":\"https:\/\/meveaagri.ro\/#website\",\"url\":\"https:\/\/meveaagri.ro\/\",\"name\":\"Mevea Agri\",\"description\":\"Agricoltura per lo sviluppo sostenibile\",\"publisher\":{\"@id\":\"https:\/\/meveaagri.ro\/#organization\"},\"potentialAction\":[{\"@type\":\"SearchAction\",\"target\":{\"@type\":\"EntryPoint\",\"urlTemplate\":\"https:\/\/meveaagri.ro\/?s={search_term_string}\"},\"query-input\":\"required name=search_term_string\"}],\"inLanguage\":\"it-IT\"},{\"@type\":\"Organization\",\"@id\":\"https:\/\/meveaagri.ro\/#organization\",\"name\":\"Mevea Agri\",\"url\":\"https:\/\/meveaagri.ro\/\",\"logo\":{\"@type\":\"ImageObject\",\"inLanguage\":\"it-IT\",\"@id\":\"https:\/\/meveaagri.ro\/#\/schema\/logo\/image\/\",\"url\":\"https:\/\/meveaagri.ro\/wp-content\/uploads\/2023\/03\/mevea_logo_bianco.svg\",\"contentUrl\":\"https:\/\/meveaagri.ro\/wp-content\/uploads\/2023\/03\/mevea_logo_bianco.svg\",\"caption\":\"Mevea Agri\"},\"image\":{\"@id\":\"https:\/\/meveaagri.ro\/#\/schema\/logo\/image\/\"}}]}<\/script>\n<!-- \/ Yoast SEO plugin. -->","yoast_head_json":{"title":"Cookie Policy - Mevea Agri","robots":{"index":"index","follow":"follow","max-snippet":"max-snippet:-1","max-image-preview":"max-image-preview:large","max-video-preview":"max-video-preview:-1"},"canonical":"https:\/\/meveaagri.ro\/cookie-policy\/","og_locale":"it_IT","og_type":"article","og_title":"Cookie Policy - Mevea Agri","og_description":"Cookie Policy Cosa sono i cookie?I cookie sono file che i siti visitati dagli utenti inviano ai loro terminali, ove vengono memorizzati per essere poi ritrasmessi agli stessi siti alla visita successiva. I cookie delle c.d. \u201cterze parti\u201d vengono, invece, impostati da un sito web diverso da quello che l\u2019utente sta visitando. Questo perch\u00e9 su [&hellip;]","og_url":"https:\/\/meveaagri.ro\/cookie-policy\/","og_site_name":"Mevea Agri","article_modified_time":"2023-03-14T13:45:45+00:00","twitter_card":"summary_large_image","twitter_misc":{"Tempo di lettura stimato":"4 minuti"},"schema":{"@context":"https:\/\/schema.org","@graph":[{"@type":"WebPage","@id":"https:\/\/meveaagri.ro\/cookie-policy\/","url":"https:\/\/meveaagri.ro\/cookie-policy\/","name":"Cookie Policy - Mevea Agri","isPartOf":{"@id":"https:\/\/meveaagri.ro\/#website"},"datePublished":"2023-03-14T13:33:57+00:00","dateModified":"2023-03-14T13:45:45+00:00","breadcrumb":{"@id":"https:\/\/meveaagri.ro\/cookie-policy\/#breadcrumb"},"inLanguage":"it-IT","potentialAction":[{"@type":"ReadAction","target":["https:\/\/meveaagri.ro\/cookie-policy\/"]}]},{"@type":"BreadcrumbList","@id":"https:\/\/meveaagri.ro\/cookie-policy\/#breadcrumb","itemListElement":[{"@type":"ListItem","position":1,"name":"Home","item":"https:\/\/meveaagri.ro\/it\/"},{"@type":"ListItem","position":2,"name":"Cookie Policy"}]},{"@type":"WebSite","@id":"https:\/\/meveaagri.ro\/#website","url":"https:\/\/meveaagri.ro\/","name":"Mevea Agri","description":"Agricoltura per lo sviluppo sostenibile","publisher":{"@id":"https:\/\/meveaagri.ro\/#organization"},"potentialAction":[{"@type":"SearchAction","target":{"@type":"EntryPoint","urlTemplate":"https:\/\/meveaagri.ro\/?s={search_term_string}"},"query-input":"required name=search_term_string"}],"inLanguage":"it-IT"},{"@type":"Organization","@id":"https:\/\/meveaagri.ro\/#organization","name":"Mevea Agri","url":"https:\/\/meveaagri.ro\/","logo":{"@type":"ImageObject","inLanguage":"it-IT","@id":"https:\/\/meveaagri.ro\/#\/schema\/logo\/image\/","url":"https:\/\/meveaagri.ro\/wp-content\/uploads\/2023\/03\/mevea_logo_bianco.svg","contentUrl":"https:\/\/meveaagri.ro\/wp-content\/uploads\/2023\/03\/mevea_logo_bianco.svg","caption":"Mevea Agri"},"image":{"@id":"https:\/\/meveaagri.ro\/#\/schema\/logo\/image\/"}}]}},"_links":{"self":[{"href":"https:\/\/meveaagri.ro\/it\/wp-json\/wp\/v2\/pages\/995"}],"collection":[{"href":"https:\/\/meveaagri.ro\/it\/wp-json\/wp\/v2\/pages"}],"about":[{"href":"https:\/\/meveaagri.ro\/it\/wp-json\/wp\/v2\/types\/page"}],"author":[{"embeddable":true,"href":"https:\/\/meveaagri.ro\/it\/wp-json\/wp\/v2\/users\/1"}],"replies":[{"embeddable":true,"href":"https:\/\/meveaagri.ro\/it\/wp-json\/wp\/v2\/comments?post=995"}],"version-history":[{"count":8,"href":"https:\/\/meveaagri.ro\/it\/wp-json\/wp\/v2\/pages\/995\/revisions"}],"predecessor-version":[{"id":1008,"href":"https:\/\/meveaagri.ro\/it\/wp-json\/wp\/v2\/pages\/995\/revisions\/1008"}],"wp:attachment":[{"href":"https:\/\/meveaagri.ro\/it\/wp-json\/wp\/v2\/media?parent=995"}],"curies":[{"name":"wp","href":"https:\/\/api.w.org\/{rel}","templated":true}]}}